{"id":11374,"date":"2025-10-17T08:10:51","date_gmt":"2025-10-17T08:10:51","guid":{"rendered":"https:\/\/hydromel.ch\/?post_type=product&#038;p=11374"},"modified":"2025-10-17T08:12:55","modified_gmt":"2025-10-17T08:12:55","slug":"hydromel-fut-de-chene-2024-75cl-copie","status":"publish","type":"product","link":"https:\/\/hydromel.ch\/de\/produkt\/hydromel-fut-de-chene-2024-75cl-copie\/","title":{"rendered":"Hydromel F\u00fbt de Ch\u00eane 2024 (75cl) (Copie)"},"content":{"rendered":"<p>Traditioneller Met (ohne Bl\u00e4schen) mit 13% Vol. auf der Grundlage von Genfer Honig aus Troinex hergestellt. Hoher Zuckergehalt, der in Richtung Lik\u00f6r tendiert. Reift 6 Monate in Eichenf\u00e4ssern.   <\/p>\n","protected":false},"excerpt":{"rendered":"<p>13% Vol. | Honig aus Troinex | Eichenfass <\/p>\n","protected":false},"featured_media":11371,"comment_status":"open","ping_status":"closed","template":"","meta":{"_acf_changed":false},"product_cat":[],"product_tag":[],"acf":[],"_links":{"self":[{"href":"https:\/\/hydromel.ch\/de\/wp-json\/wp\/v2\/product\/11374"}],"collection":[{"href":"https:\/\/hydromel.ch\/de\/wp-json\/wp\/v2\/product"}],"about":[{"href":"https:\/\/hydromel.ch\/de\/wp-json\/wp\/v2\/types\/product"}],"replies":[{"embeddable":true,"href":"https:\/\/hydromel.ch\/de\/wp-json\/wp\/v2\/comments?post=11374"}],"wp:featuredmedia":[{"embeddable":true,"href":"https:\/\/hydromel.ch\/de\/wp-json\/wp\/v2\/media\/11371"}],"wp:attachment":[{"href":"https:\/\/hydromel.ch\/de\/wp-json\/wp\/v2\/media?parent=11374"}],"wp:term":[{"taxonomy":"product_cat","embeddable":true,"href":"https:\/\/hydromel.ch\/de\/wp-json\/wp\/v2\/product_cat?post=11374"},{"taxonomy":"product_tag","embeddable":true,"href":"https:\/\/hydromel.ch\/de\/wp-json\/wp\/v2\/product_tag?post=11374"}],"curies":[{"name":"wp","href":"https:\/\/api.w.org\/{rel}","templated":true}]}}