{"id":11017,"date":"2024-10-23T14:39:40","date_gmt":"2024-10-23T14:39:40","guid":{"rendered":"https:\/\/hydromel.ch\/product\/hydromel-fut-de-chene-2024-75cl\/"},"modified":"2024-12-11T09:23:11","modified_gmt":"2024-12-11T09:23:11","slug":"hydromel-fut-de-chene-2024-75cl","status":"publish","type":"product","link":"https:\/\/hydromel.ch\/de\/produkt\/hydromel-fut-de-chene-2024-75cl\/","title":{"rendered":"Hydromel F\u00fbt de Ch\u00eane 2024 (75cl)"},"content":{"rendered":"<p>Traditioneller Met (ohne Bl\u00e4schen) mit 13% Vol. auf der Grundlage von Genfer Honig aus Troinex hergestellt. Hoher Zuckergehalt, der in Richtung Lik\u00f6r tendiert. Reift 6 Monate in Eichenf\u00e4ssern.   <\/p>\n","protected":false},"excerpt":{"rendered":"<p>13% Vol. | Honig aus Troinex | Eichenfass <\/p>\n","protected":false},"featured_media":10750,"comment_status":"open","ping_status":"closed","template":"","meta":{"_acf_changed":false},"product_cat":[361],"product_tag":[],"acf":[],"_links":{"self":[{"href":"https:\/\/hydromel.ch\/de\/wp-json\/wp\/v2\/product\/11017"}],"collection":[{"href":"https:\/\/hydromel.ch\/de\/wp-json\/wp\/v2\/product"}],"about":[{"href":"https:\/\/hydromel.ch\/de\/wp-json\/wp\/v2\/types\/product"}],"replies":[{"embeddable":true,"href":"https:\/\/hydromel.ch\/de\/wp-json\/wp\/v2\/comments?post=11017"}],"wp:featuredmedia":[{"embeddable":true,"href":"https:\/\/hydromel.ch\/de\/wp-json\/wp\/v2\/media\/10750"}],"wp:attachment":[{"href":"https:\/\/hydromel.ch\/de\/wp-json\/wp\/v2\/media?parent=11017"}],"wp:term":[{"taxonomy":"product_cat","embeddable":true,"href":"https:\/\/hydromel.ch\/de\/wp-json\/wp\/v2\/product_cat?post=11017"},{"taxonomy":"product_tag","embeddable":true,"href":"https:\/\/hydromel.ch\/de\/wp-json\/wp\/v2\/product_tag?post=11017"}],"curies":[{"name":"wp","href":"https:\/\/api.w.org\/{rel}","templated":true}]}}