{"id":10998,"date":"2019-02-03T19:01:21","date_gmt":"2019-02-03T19:01:21","guid":{"rendered":"https:\/\/hydromel.ch\/product\/met-apfel-zimt-33cl-x-24\/"},"modified":"2025-11-21T09:40:44","modified_gmt":"2025-11-21T09:40:44","slug":"met-apfel-zimt-33cl-x-24","status":"publish","type":"product","link":"https:\/\/hydromel.ch\/de\/produkt\/met-apfel-zimt-33cl-x-24\/","title":{"rendered":"Met Apfel-Zimt 33cl x 24"},"content":{"rendered":"<p>Cidromel ist eine Variante von Met, der aus Genfer \u00c4pfeln und Zimt hergestellt wird. Nach der G\u00e4rung werden die \u00c4pfel und der Zimt nur einige Tage lang eingelegt. <\/p>\n","protected":false},"excerpt":{"rendered":"<p>8% Vol. | Honig, \u00c4pfel &amp; Zimt <\/p>\n","protected":false},"featured_media":10525,"comment_status":"open","ping_status":"closed","template":"","meta":{"_acf_changed":false},"product_cat":[342],"product_tag":[],"acf":[],"_links":{"self":[{"href":"https:\/\/hydromel.ch\/de\/wp-json\/wp\/v2\/product\/10998"}],"collection":[{"href":"https:\/\/hydromel.ch\/de\/wp-json\/wp\/v2\/product"}],"about":[{"href":"https:\/\/hydromel.ch\/de\/wp-json\/wp\/v2\/types\/product"}],"replies":[{"embeddable":true,"href":"https:\/\/hydromel.ch\/de\/wp-json\/wp\/v2\/comments?post=10998"}],"wp:featuredmedia":[{"embeddable":true,"href":"https:\/\/hydromel.ch\/de\/wp-json\/wp\/v2\/media\/10525"}],"wp:attachment":[{"href":"https:\/\/hydromel.ch\/de\/wp-json\/wp\/v2\/media?parent=10998"}],"wp:term":[{"taxonomy":"product_cat","embeddable":true,"href":"https:\/\/hydromel.ch\/de\/wp-json\/wp\/v2\/product_cat?post=10998"},{"taxonomy":"product_tag","embeddable":true,"href":"https:\/\/hydromel.ch\/de\/wp-json\/wp\/v2\/product_tag?post=10998"}],"curies":[{"name":"wp","href":"https:\/\/api.w.org\/{rel}","templated":true}]}}