{"id":10900,"date":"2021-02-12T14:12:02","date_gmt":"2021-02-12T14:12:02","guid":{"rendered":"https:\/\/hydromel.ch\/vermietung\/"},"modified":"2024-10-29T11:04:18","modified_gmt":"2024-10-29T11:04:18","slug":"vermietung","status":"publish","type":"page","link":"https:\/\/hydromel.ch\/de\/vermietung\/","title":{"rendered":"Vermietung"},"content":{"rendered":"<p>[vc_row][vc_column]<div class=\"heading  theme-icon align-left color-black subcolor-main transform-default ltx-theme-header icon-type-default heading-tag-h2\" id=\"like_sc_header_1372250563\"><span class=\"ltx-theme-icon \"><\/span><span class=\"last ltx-theme-icon \"><\/span><h2 class=\"header ltx-sr-id-like_sc_header_1372250563162661476 ltx-sr ltx-sr-effect-fade_in ltx-sr-el-block ltx-sr-delay-0 ltx-sr-duration-1000 ltx-sr-sequences-0\">Privat- oder Firmenveranstaltungen<\/h2><\/div>[vc_empty_space height=&#8220;50px&#8220;]<ul class=\"ltx-block-icon  has-descr  icons-count-2 align-center ltx-icon-color-main ltx-icon-size-default ltx-header-color-default ltx-icon-type-circle ltx-bg-color-transparent layout-cols2 ltx-icon-top  row centered\"  id=\"like_sc_block_icon_1853159480\"><li class=\"col-xl-6 col-lg-6 col-md-6 col-sm-12 col-ms-12 col-xs-12\" ><div  data-mh=\"ltx-block-icon-in-1445\" class=\"in matchHeight\"><span class=\"ltx-icon fas fa-wine-bottle bg-transparent\" data-mh=\"ltx-icon-span-like_sc_block_icon_1853159480\"><\/span> <h6 class=\"header\"> 33 cl. oder 75cl. Flaschen <\/h6> <div class=\"descr\">Ab 5,50 .-<\/div><\/div><\/li><li class=\"col-xl-6 col-lg-6 col-md-6 col-sm-12 col-ms-12 col-xs-12\" ><div  data-mh=\"ltx-block-icon-in-1445\" class=\"in matchHeight\"><span class=\"ltx-icon icon-barrel-1 bg-transparent\" data-mh=\"ltx-icon-span-like_sc_block_icon_1853159480\"><\/span> <h6 class=\"header\"> F\u00fbt de 20L avec tireuse <\/h6> <div class=\"descr\">D\u00e8s 160 .-<\/div><\/div><\/li><\/ul>[vc_column_text]Wir verleihen unsere Zapfanlagen f\u00fcr Ihre Veranstaltungen. Von der privaten Feier bis zur Firmenveranstaltung haben wir die richtige Maschine f\u00fcr Sie. Die Zapfanlage wird bei jeder Bestellung von F\u00e4ssern kostenlos ausgeliehen. Zur Orientierung: 20-Liter-F\u00e4sser mit prickelndem <strong>Natur-Met<\/strong> kosten 160,- f\u00fcr andere Metsorten kontaktieren Sie uns bitte. Wir bieten Zapfanlagen mit einer T\u00fclle oder mit zwei T\u00fcllen, wenn Sie zwei verschiedene Sorten w\u00fcnschen. Wiederverwendbare Becher sind ebenfalls erh\u00e4ltlich und nur angebrochene F\u00e4sser werden berechnet. Wenn Sie f\u00fcr Ihre Veranstaltung lieber Flaschenkisten m\u00f6chten, ist dies nat\u00fcrlich auch m\u00f6glich.[\/vc_column_text][vc_empty_space height=&#8220;100px&#8220;][vc_btn title=&#8220;Kontaktieren Sie uns!&#8220; color=&#8220;danger&#8220; align=&#8220;center&#8220; link=&#8220;url:%20%0Ahttps%3A%2F%2Fhydromel.ch%2Fcontact-location%2F|&#8220;][\/vc_column][\/vc_row]<\/p>\n","protected":false},"excerpt":{"rendered":"<p>[vc_row][vc_column][vc_empty_space height=&#8220;50px&#8220;][vc_column_text]Wir verleihen unsere Zapfanlagen f\u00fcr Ihre Veranstaltungen. Von der privaten Feier bis zur Firmenveranstaltung haben wir die richtige Maschine f\u00fcr Sie. Die Zapfanlage wird bei jeder Bestellung von F\u00e4ssern kostenlos ausgeliehen. Zur Orientierung: 20-Liter-F\u00e4sser mit prickelndem Natur-Met kosten 160,- f\u00fcr andere Metsorten kontaktieren Sie uns bitte. Wir bieten Zapfanlagen mit einer T\u00fclle oder mit zwei T\u00fcllen, wenn Sie zwei verschiedene Sorten w\u00fcnschen. Wiederverwendbare Becher sind ebenfalls erh\u00e4ltlich und nur angebrochene F\u00e4sser werden berechnet. Wenn Sie f\u00fcr Ihre Veranstaltung lieber Flaschenkisten m\u00f6chten, ist dies nat\u00fcrlich auch m\u00f6glich.[\/vc_column_text][vc_empty_space height=&#8220;100px&#8220;][vc_btn title=&#8220;Kontaktieren Sie uns!&#8220; color=&#8220;danger&#8220; align=&#8220;center&#8220; link=&#8220;url:%20%0Ahttps%3A%2F%2Fhydromel.ch%2Fcontact-location%2F|&#8220;][\/vc_column][\/vc_row]<\/p>\n","protected":false},"author":1,"featured_media":0,"parent":0,"menu_order":0,"comment_status":"closed","ping_status":"closed","template":"","meta":{"_acf_changed":false,"footnotes":""},"acf":[],"_links":{"self":[{"href":"https:\/\/hydromel.ch\/de\/wp-json\/wp\/v2\/pages\/10900"}],"collection":[{"href":"https:\/\/hydromel.ch\/de\/wp-json\/wp\/v2\/pages"}],"about":[{"href":"https:\/\/hydromel.ch\/de\/wp-json\/wp\/v2\/types\/page"}],"author":[{"embeddable":true,"href":"https:\/\/hydromel.ch\/de\/wp-json\/wp\/v2\/users\/1"}],"replies":[{"embeddable":true,"href":"https:\/\/hydromel.ch\/de\/wp-json\/wp\/v2\/comments?post=10900"}],"version-history":[{"count":4,"href":"https:\/\/hydromel.ch\/de\/wp-json\/wp\/v2\/pages\/10900\/revisions"}],"predecessor-version":[{"id":11299,"href":"https:\/\/hydromel.ch\/de\/wp-json\/wp\/v2\/pages\/10900\/revisions\/11299"}],"wp:attachment":[{"href":"https:\/\/hydromel.ch\/de\/wp-json\/wp\/v2\/media?parent=10900"}],"curies":[{"name":"wp","href":"https:\/\/api.w.org\/{rel}","templated":true}]}}